{"id":146,"date":"2024-01-05T15:50:12","date_gmt":"2024-01-05T14:50:12","guid":{"rendered":"https:\/\/sylvainanimations.fr\/?page_id=146"},"modified":"2024-01-15T14:07:03","modified_gmt":"2024-01-15T13:07:03","slug":"animations","status":"publish","type":"page","link":"https:\/\/sylvainanimations.fr\/index.php\/animations\/","title":{"rendered":"Animations"},"content":{"rendered":"\t\t<div data-elementor-type=\"wp-page\" data-elementor-id=\"146\" class=\"elementor elementor-146\">\n\t\t\t\t<div class=\"elementor-element elementor-element-85211ce e-flex e-con-boxed e-con e-parent\" data-id=\"85211ce\" data-element_type=\"container\" data-core-v316-plus=\"true\">\n\t\t\t\t\t<div class=\"e-con-inner\">\n\t\t<div class=\"elementor-element elementor-element-a73e250 e-con-full e-flex e-con e-child\" data-id=\"a73e250\" data-element_type=\"container\">\n\t\t\t\t<div class=\"elementor-element elementor-element-c93d6a9 elementor-widget elementor-widget-image\" data-id=\"c93d6a9\" data-element_type=\"widget\" data-widget_type=\"image.default\">\n\t\t\t\t<div class=\"elementor-widget-container\">\n\t\t\t<style>\/*! elementor - v3.20.0 - 13-03-2024 *\/\n.elementor-widget-image{text-align:center}.elementor-widget-image a{display:inline-block}.elementor-widget-image a img[src$=\".svg\"]{width:48px}.elementor-widget-image img{vertical-align:middle;display:inline-block}<\/style>\t\t\t\t\t\t\t\t\t\t<img decoding=\"async\" src=\"https:\/\/sylvainanimations.fr\/wp-content\/plugins\/elementor\/assets\/images\/placeholder.png\" title=\"\" alt=\"\" loading=\"lazy\" \/>\t\t\t\t\t\t\t\t\t\t\t\t\t<\/div>\n\t\t\t\t<\/div>\n\t\t\t\t<\/div>\n\t\t<div class=\"elementor-element elementor-element-3e0c1a3 e-con-full e-flex e-con e-child\" data-id=\"3e0c1a3\" data-element_type=\"container\">\n\t\t\t\t<div class=\"elementor-element elementor-element-0b3abb6 elementor-widget elementor-widget-heading\" data-id=\"0b3abb6\" data-element_type=\"widget\" data-widget_type=\"heading.default\">\n\t\t\t\t<div class=\"elementor-widget-container\">\n\t\t\t<style>\/*! elementor - v3.20.0 - 13-03-2024 *\/\n.elementor-heading-title{padding:0;margin:0;line-height:1}.elementor-widget-heading .elementor-heading-title[class*=elementor-size-]>a{color:inherit;font-size:inherit;line-height:inherit}.elementor-widget-heading .elementor-heading-title.elementor-size-small{font-size:15px}.elementor-widget-heading .elementor-heading-title.elementor-size-medium{font-size:19px}.elementor-widget-heading .elementor-heading-title.elementor-size-large{font-size:29px}.elementor-widget-heading .elementor-heading-title.elementor-size-xl{font-size:39px}.elementor-widget-heading .elementor-heading-title.elementor-size-xxl{font-size:59px}<\/style><h2 class=\"elementor-heading-title elementor-size-default\">Sonorisation classique mariage<\/h2>\t\t<\/div>\n\t\t\t\t<\/div>\n\t\t\t\t<div class=\"elementor-element elementor-element-35e5161 elementor-widget elementor-widget-text-editor\" data-id=\"35e5161\" data-element_type=\"widget\" data-widget_type=\"text-editor.default\">\n\t\t\t\t<div class=\"elementor-widget-container\">\n\t\t\t<style>\/*! elementor - v3.20.0 - 13-03-2024 *\/\n.elementor-widget-text-editor.elementor-drop-cap-view-stacked .elementor-drop-cap{background-color:#69727d;color:#fff}.elementor-widget-text-editor.elementor-drop-cap-view-framed .elementor-drop-cap{color:#69727d;border:3px solid;background-color:transparent}.elementor-widget-text-editor:not(.elementor-drop-cap-view-default) .elementor-drop-cap{margin-top:8px}.elementor-widget-text-editor:not(.elementor-drop-cap-view-default) .elementor-drop-cap-letter{width:1em;height:1em}.elementor-widget-text-editor .elementor-drop-cap{float:left;text-align:center;line-height:1;font-size:50px}.elementor-widget-text-editor .elementor-drop-cap-letter{display:inline-block}<\/style>\t\t\t\t<p>Description de ce que ca comprend<\/p>\t\t\t\t\t\t<\/div>\n\t\t\t\t<\/div>\n\t\t\t\t<div class=\"elementor-element elementor-element-46a4974 elementor-widget elementor-widget-text-editor\" data-id=\"46a4974\" data-element_type=\"widget\" data-widget_type=\"text-editor.default\">\n\t\t\t\t<div class=\"elementor-widget-container\">\n\t\t\t\t\t\t\t<p><em><strong>Prix : 950\u20ac<\/strong><\/em><\/p>\t\t\t\t\t\t<\/div>\n\t\t\t\t<\/div>\n\t\t\t\t<\/div>\n\t\t\t\t\t<\/div>\n\t\t\t\t<\/div>\n\t\t<div class=\"elementor-element elementor-element-ff941f4 e-flex e-con-boxed e-con e-parent\" data-id=\"ff941f4\" data-element_type=\"container\" data-core-v316-plus=\"true\">\n\t\t\t\t\t<div class=\"e-con-inner\">\n\t\t<div class=\"elementor-element elementor-element-03727bb e-con-full e-flex e-con e-child\" data-id=\"03727bb\" data-element_type=\"container\">\n\t\t\t\t<div class=\"elementor-element elementor-element-1bf95cc elementor-widget elementor-widget-heading\" data-id=\"1bf95cc\" data-element_type=\"widget\" data-widget_type=\"heading.default\">\n\t\t\t\t<div class=\"elementor-widget-container\">\n\t\t\t<h2 class=\"elementor-heading-title elementor-size-default\">Sonorisation classique anniversaire<\/h2>\t\t<\/div>\n\t\t\t\t<\/div>\n\t\t\t\t<div class=\"elementor-element elementor-element-014546d elementor-widget elementor-widget-text-editor\" data-id=\"014546d\" data-element_type=\"widget\" data-widget_type=\"text-editor.default\">\n\t\t\t\t<div class=\"elementor-widget-container\">\n\t\t\t\t\t\t\t<p>Description de ce que \u00e7a comprend<\/p>\t\t\t\t\t\t<\/div>\n\t\t\t\t<\/div>\n\t\t\t\t<div class=\"elementor-element elementor-element-b2eb6e5 elementor-widget elementor-widget-text-editor\" data-id=\"b2eb6e5\" data-element_type=\"widget\" data-widget_type=\"text-editor.default\">\n\t\t\t\t<div class=\"elementor-widget-container\">\n\t\t\t\t\t\t\t<p><em><strong>Prix : 700\u20ac<\/strong><\/em><\/p>\t\t\t\t\t\t<\/div>\n\t\t\t\t<\/div>\n\t\t\t\t<\/div>\n\t\t<div class=\"elementor-element elementor-element-a6f568b e-con-full e-flex e-con e-child\" data-id=\"a6f568b\" data-element_type=\"container\">\n\t\t\t\t<div class=\"elementor-element elementor-element-a012c6d elementor-widget elementor-widget-image\" data-id=\"a012c6d\" data-element_type=\"widget\" data-widget_type=\"image.default\">\n\t\t\t\t<div class=\"elementor-widget-container\">\n\t\t\t\t\t\t\t\t\t\t\t\t\t<img decoding=\"async\" src=\"https:\/\/sylvainanimations.fr\/wp-content\/plugins\/elementor\/assets\/images\/placeholder.png\" title=\"\" alt=\"\" loading=\"lazy\" \/>\t\t\t\t\t\t\t\t\t\t\t\t\t<\/div>\n\t\t\t\t<\/div>\n\t\t\t\t<\/div>\n\t\t\t\t\t<\/div>\n\t\t\t\t<\/div>\n\t\t<div class=\"elementor-element elementor-element-623e1ac e-flex e-con-boxed e-con e-parent\" data-id=\"623e1ac\" data-element_type=\"container\" data-core-v316-plus=\"true\">\n\t\t\t\t\t<div class=\"e-con-inner\">\n\t\t<div class=\"elementor-element elementor-element-6e76a18 e-con-full e-flex e-con e-child\" data-id=\"6e76a18\" data-element_type=\"container\">\n\t\t\t\t<div class=\"elementor-element elementor-element-ac0c0d4 elementor-widget elementor-widget-image\" data-id=\"ac0c0d4\" data-element_type=\"widget\" data-widget_type=\"image.default\">\n\t\t\t\t<div class=\"elementor-widget-container\">\n\t\t\t\t\t\t\t\t\t\t\t\t\t<img decoding=\"async\" src=\"https:\/\/sylvainanimations.fr\/wp-content\/plugins\/elementor\/assets\/images\/placeholder.png\" title=\"\" alt=\"\" loading=\"lazy\" \/>\t\t\t\t\t\t\t\t\t\t\t\t\t<\/div>\n\t\t\t\t<\/div>\n\t\t\t\t<\/div>\n\t\t<div class=\"elementor-element elementor-element-259045c e-con-full e-flex e-con e-child\" data-id=\"259045c\" data-element_type=\"container\">\n\t\t\t\t<div class=\"elementor-element elementor-element-e6e32ed elementor-widget elementor-widget-heading\" data-id=\"e6e32ed\" data-element_type=\"widget\" data-widget_type=\"heading.default\">\n\t\t\t\t<div class=\"elementor-widget-container\">\n\t\t\t<h2 class=\"elementor-heading-title elementor-size-default\">Sonorisation vins d'honneur<\/h2>\t\t<\/div>\n\t\t\t\t<\/div>\n\t\t\t\t<div class=\"elementor-element elementor-element-004fa18 elementor-widget elementor-widget-text-editor\" data-id=\"004fa18\" data-element_type=\"widget\" data-widget_type=\"text-editor.default\">\n\t\t\t\t<div class=\"elementor-widget-container\">\n\t\t\t\t\t\t\t<p>Une prestation qui permet de mettre un fond musical pendant votre r\u00e9ception. Pour cette prestations vous aurez \u00e0 disposition :\u00a0<\/p><p>&#8211; 2 enceintes qui peuvent \u00eatre connect\u00e9s en simultan\u00e9it\u00e9s<\/p><p>&#8211; Micros\u00a0<\/p>\t\t\t\t\t\t<\/div>\n\t\t\t\t<\/div>\n\t\t\t\t<div class=\"elementor-element elementor-element-f128264 elementor-widget elementor-widget-text-editor\" data-id=\"f128264\" data-element_type=\"widget\" data-widget_type=\"text-editor.default\">\n\t\t\t\t<div class=\"elementor-widget-container\">\n\t\t\t\t\t\t\t<p><strong><em>Prix : 100 \u20ac\u00a0<\/em><\/strong><\/p>\t\t\t\t\t\t<\/div>\n\t\t\t\t<\/div>\n\t\t\t\t<\/div>\n\t\t\t\t\t<\/div>\n\t\t\t\t<\/div>\n\t\t<div class=\"elementor-element elementor-element-b9fc57a e-flex e-con-boxed e-con e-parent\" data-id=\"b9fc57a\" data-element_type=\"container\" data-core-v316-plus=\"true\">\n\t\t\t\t\t<div class=\"e-con-inner\">\n\t\t\t\t<div class=\"elementor-element elementor-element-fa9b128 elementor-widget elementor-widget-heading\" data-id=\"fa9b128\" data-element_type=\"widget\" data-widget_type=\"heading.default\">\n\t\t\t\t<div class=\"elementor-widget-container\">\n\t\t\t<h2 class=\"elementor-heading-title elementor-size-default\">CONTACT POUR UNE PRESTATION<\/h2>\t\t<\/div>\n\t\t\t\t<\/div>\n\t\t\t\t\t<\/div>\n\t\t\t\t<\/div>\n\t\t<div class=\"elementor-element elementor-element-1664225 e-flex e-con-boxed e-con e-parent\" data-id=\"1664225\" data-element_type=\"container\" data-core-v316-plus=\"true\">\n\t\t\t\t\t<div class=\"e-con-inner\">\n\t\t\t\t<div class=\"elementor-element elementor-element-f63285b elementor-widget elementor-widget-text-editor\" data-id=\"f63285b\" data-element_type=\"widget\" data-widget_type=\"text-editor.default\">\n\t\t\t\t<div class=\"elementor-widget-container\">\n\t\t\t\t\t\t\t<p>Pour toutes demande de prestations, ou pour tous renseignements n&#8217;h\u00e9sitez pas \u00e0 remplir ce formulaire.<\/p><p>Je vous r\u00e9pon<\/p>\t\t\t\t\t\t<\/div>\n\t\t\t\t<\/div>\n\t\t\t\t\t<\/div>\n\t\t\t\t<\/div>\n\t\t<div class=\"elementor-element elementor-element-e11ebcd e-flex e-con-boxed e-con e-parent\" data-id=\"e11ebcd\" data-element_type=\"container\" data-core-v316-plus=\"true\">\n\t\t\t\t\t<div class=\"e-con-inner\">\n\t\t\t\t<div class=\"elementor-element elementor-element-0084af7 elementor-widget elementor-widget-shortcode\" data-id=\"0084af7\" data-element_type=\"widget\" data-widget_type=\"shortcode.default\">\n\t\t\t\t<div class=\"elementor-widget-container\">\n\t\t\t\t\t<div class=\"elementor-shortcode\">[formidable id=4]\n<\/div>\n\t\t\t\t<\/div>\n\t\t\t\t<\/div>\n\t\t\t\t\t<\/div>\n\t\t\t\t<\/div>\n\t\t\t\t<\/div>\n\t\t","protected":false},"excerpt":{"rendered":"<p>Sonorisation classique mariage Description de ce que ca comprend Prix : 950\u20ac Sonorisation classique anniversaire Description de ce que \u00e7a comprend Prix : 700\u20ac Sonorisation vins d&#8217;honneur Une prestation qui permet de mettre un fond musical pendant votre r\u00e9ception. Pour cette prestations vous aurez \u00e0 disposition :\u00a0 &#8211; 2 enceintes qui peuvent \u00eatre connect\u00e9s en &hellip; <\/p>\n<p class=\"link-more\"><a href=\"https:\/\/sylvainanimations.fr\/index.php\/animations\/\" class=\"more-link\">Read more<span class=\"screen-reader-text\"> &#8220;Animations&#8221;<\/span><\/a><\/p>\n","protected":false},"author":2,"featured_media":0,"parent":0,"menu_order":0,"comment_status":"closed","ping_status":"closed","template":"","meta":{"footnotes":""},"class_list":["post-146","page","type-page","status-publish","hentry"],"yoast_head":"<!-- This site is optimized with the Yoast SEO plugin v22.2 - https:\/\/yoast.com\/wordpress\/plugins\/seo\/ -->\n<title>Animations - Sylvain Animations<\/title>\n<meta name=\"robots\" content=\"index, follow, max-snippet:-1, max-image-preview:large, max-video-preview:-1\" \/>\n<link rel=\"canonical\" href=\"https:\/\/sylvainanimations.fr\/index.php\/animations\/\" \/>\n<meta property=\"og:locale\" content=\"en_US\" \/>\n<meta property=\"og:type\" content=\"article\" \/>\n<meta property=\"og:title\" content=\"Animations - Sylvain Animations\" \/>\n<meta property=\"og:description\" content=\"Sonorisation classique mariage Description de ce que ca comprend Prix : 950\u20ac Sonorisation classique anniversaire Description de ce que \u00e7a comprend Prix : 700\u20ac Sonorisation vins d&#8217;honneur Une prestation qui permet de mettre un fond musical pendant votre r\u00e9ception. Pour cette prestations vous aurez \u00e0 disposition :\u00a0 &#8211; 2 enceintes qui peuvent \u00eatre connect\u00e9s en &hellip; Read more &quot;Animations&quot;\" \/>\n<meta property=\"og:url\" content=\"https:\/\/sylvainanimations.fr\/index.php\/animations\/\" \/>\n<meta property=\"og:site_name\" content=\"Sylvain Animations\" \/>\n<meta property=\"article:modified_time\" content=\"2024-01-15T13:07:03+00:00\" \/>\n<meta property=\"og:image\" content=\"https:\/\/sylvainanimations.fr\/wp-content\/plugins\/elementor\/assets\/images\/placeholder.png\" \/>\n<meta name=\"twitter:card\" content=\"summary_large_image\" \/>\n<meta name=\"twitter:label1\" content=\"Est. reading time\" \/>\n\t<meta name=\"twitter:data1\" content=\"1 minute\" \/>\n<script type=\"application\/ld+json\" class=\"yoast-schema-graph\">{\"@context\":\"https:\/\/schema.org\",\"@graph\":[{\"@type\":\"WebPage\",\"@id\":\"https:\/\/sylvainanimations.fr\/index.php\/animations\/\",\"url\":\"https:\/\/sylvainanimations.fr\/index.php\/animations\/\",\"name\":\"Animations - Sylvain Animations\",\"isPartOf\":{\"@id\":\"https:\/\/sylvainanimations.fr\/#website\"},\"primaryImageOfPage\":{\"@id\":\"https:\/\/sylvainanimations.fr\/index.php\/animations\/#primaryimage\"},\"image\":{\"@id\":\"https:\/\/sylvainanimations.fr\/index.php\/animations\/#primaryimage\"},\"thumbnailUrl\":\"https:\/\/sylvainanimations.fr\/wp-content\/plugins\/elementor\/assets\/images\/placeholder.png\",\"datePublished\":\"2024-01-05T14:50:12+00:00\",\"dateModified\":\"2024-01-15T13:07:03+00:00\",\"breadcrumb\":{\"@id\":\"https:\/\/sylvainanimations.fr\/index.php\/animations\/#breadcrumb\"},\"inLanguage\":\"en-US\",\"potentialAction\":[{\"@type\":\"ReadAction\",\"target\":[\"https:\/\/sylvainanimations.fr\/index.php\/animations\/\"]}]},{\"@type\":\"ImageObject\",\"inLanguage\":\"en-US\",\"@id\":\"https:\/\/sylvainanimations.fr\/index.php\/animations\/#primaryimage\",\"url\":\"https:\/\/sylvainanimations.fr\/wp-content\/plugins\/elementor\/assets\/images\/placeholder.png\",\"contentUrl\":\"https:\/\/sylvainanimations.fr\/wp-content\/plugins\/elementor\/assets\/images\/placeholder.png\"},{\"@type\":\"BreadcrumbList\",\"@id\":\"https:\/\/sylvainanimations.fr\/index.php\/animations\/#breadcrumb\",\"itemListElement\":[{\"@type\":\"ListItem\",\"position\":1,\"name\":\"Accueil\",\"item\":\"https:\/\/sylvainanimations.fr\/\"},{\"@type\":\"ListItem\",\"position\":2,\"name\":\"Animations\"}]},{\"@type\":\"WebSite\",\"@id\":\"https:\/\/sylvainanimations.fr\/#website\",\"url\":\"https:\/\/sylvainanimations.fr\/\",\"name\":\"Sylvain Animations\",\"description\":\"Bienvenue sur notre site internet\",\"publisher\":{\"@id\":\"https:\/\/sylvainanimations.fr\/#organization\"},\"potentialAction\":[{\"@type\":\"SearchAction\",\"target\":{\"@type\":\"EntryPoint\",\"urlTemplate\":\"https:\/\/sylvainanimations.fr\/?s={search_term_string}\"},\"query-input\":\"required name=search_term_string\"}],\"inLanguage\":\"en-US\"},{\"@type\":\"Organization\",\"@id\":\"https:\/\/sylvainanimations.fr\/#organization\",\"name\":\"Sylvain Animations\",\"url\":\"https:\/\/sylvainanimations.fr\/\",\"logo\":{\"@type\":\"ImageObject\",\"inLanguage\":\"en-US\",\"@id\":\"https:\/\/sylvainanimations.fr\/#\/schema\/logo\/image\/\",\"url\":\"https:\/\/sylvainanimations.fr\/wp-content\/uploads\/2024\/01\/cropped-f0f80950-792b-46a0-ae67-fee45e246a2b.png\",\"contentUrl\":\"https:\/\/sylvainanimations.fr\/wp-content\/uploads\/2024\/01\/cropped-f0f80950-792b-46a0-ae67-fee45e246a2b.png\",\"width\":853,\"height\":108,\"caption\":\"Sylvain Animations\"},\"image\":{\"@id\":\"https:\/\/sylvainanimations.fr\/#\/schema\/logo\/image\/\"}}]}<\/script>\n<!-- \/ Yoast SEO plugin. -->","yoast_head_json":{"title":"Animations - Sylvain Animations","robots":{"index":"index","follow":"follow","max-snippet":"max-snippet:-1","max-image-preview":"max-image-preview:large","max-video-preview":"max-video-preview:-1"},"canonical":"https:\/\/sylvainanimations.fr\/index.php\/animations\/","og_locale":"en_US","og_type":"article","og_title":"Animations - Sylvain Animations","og_description":"Sonorisation classique mariage Description de ce que ca comprend Prix : 950\u20ac Sonorisation classique anniversaire Description de ce que \u00e7a comprend Prix : 700\u20ac Sonorisation vins d&#8217;honneur Une prestation qui permet de mettre un fond musical pendant votre r\u00e9ception. Pour cette prestations vous aurez \u00e0 disposition :\u00a0 &#8211; 2 enceintes qui peuvent \u00eatre connect\u00e9s en &hellip; Read more \"Animations\"","og_url":"https:\/\/sylvainanimations.fr\/index.php\/animations\/","og_site_name":"Sylvain Animations","article_modified_time":"2024-01-15T13:07:03+00:00","og_image":[{"url":"https:\/\/sylvainanimations.fr\/wp-content\/plugins\/elementor\/assets\/images\/placeholder.png"}],"twitter_card":"summary_large_image","twitter_misc":{"Est. reading time":"1 minute"},"schema":{"@context":"https:\/\/schema.org","@graph":[{"@type":"WebPage","@id":"https:\/\/sylvainanimations.fr\/index.php\/animations\/","url":"https:\/\/sylvainanimations.fr\/index.php\/animations\/","name":"Animations - Sylvain Animations","isPartOf":{"@id":"https:\/\/sylvainanimations.fr\/#website"},"primaryImageOfPage":{"@id":"https:\/\/sylvainanimations.fr\/index.php\/animations\/#primaryimage"},"image":{"@id":"https:\/\/sylvainanimations.fr\/index.php\/animations\/#primaryimage"},"thumbnailUrl":"https:\/\/sylvainanimations.fr\/wp-content\/plugins\/elementor\/assets\/images\/placeholder.png","datePublished":"2024-01-05T14:50:12+00:00","dateModified":"2024-01-15T13:07:03+00:00","breadcrumb":{"@id":"https:\/\/sylvainanimations.fr\/index.php\/animations\/#breadcrumb"},"inLanguage":"en-US","potentialAction":[{"@type":"ReadAction","target":["https:\/\/sylvainanimations.fr\/index.php\/animations\/"]}]},{"@type":"ImageObject","inLanguage":"en-US","@id":"https:\/\/sylvainanimations.fr\/index.php\/animations\/#primaryimage","url":"https:\/\/sylvainanimations.fr\/wp-content\/plugins\/elementor\/assets\/images\/placeholder.png","contentUrl":"https:\/\/sylvainanimations.fr\/wp-content\/plugins\/elementor\/assets\/images\/placeholder.png"},{"@type":"BreadcrumbList","@id":"https:\/\/sylvainanimations.fr\/index.php\/animations\/#breadcrumb","itemListElement":[{"@type":"ListItem","position":1,"name":"Accueil","item":"https:\/\/sylvainanimations.fr\/"},{"@type":"ListItem","position":2,"name":"Animations"}]},{"@type":"WebSite","@id":"https:\/\/sylvainanimations.fr\/#website","url":"https:\/\/sylvainanimations.fr\/","name":"Sylvain Animations","description":"Bienvenue sur notre site internet","publisher":{"@id":"https:\/\/sylvainanimations.fr\/#organization"},"potentialAction":[{"@type":"SearchAction","target":{"@type":"EntryPoint","urlTemplate":"https:\/\/sylvainanimations.fr\/?s={search_term_string}"},"query-input":"required name=search_term_string"}],"inLanguage":"en-US"},{"@type":"Organization","@id":"https:\/\/sylvainanimations.fr\/#organization","name":"Sylvain Animations","url":"https:\/\/sylvainanimations.fr\/","logo":{"@type":"ImageObject","inLanguage":"en-US","@id":"https:\/\/sylvainanimations.fr\/#\/schema\/logo\/image\/","url":"https:\/\/sylvainanimations.fr\/wp-content\/uploads\/2024\/01\/cropped-f0f80950-792b-46a0-ae67-fee45e246a2b.png","contentUrl":"https:\/\/sylvainanimations.fr\/wp-content\/uploads\/2024\/01\/cropped-f0f80950-792b-46a0-ae67-fee45e246a2b.png","width":853,"height":108,"caption":"Sylvain Animations"},"image":{"@id":"https:\/\/sylvainanimations.fr\/#\/schema\/logo\/image\/"}}]}},"_links":{"self":[{"href":"https:\/\/sylvainanimations.fr\/index.php\/wp-json\/wp\/v2\/pages\/146","targetHints":{"allow":["GET"]}}],"collection":[{"href":"https:\/\/sylvainanimations.fr\/index.php\/wp-json\/wp\/v2\/pages"}],"about":[{"href":"https:\/\/sylvainanimations.fr\/index.php\/wp-json\/wp\/v2\/types\/page"}],"author":[{"embeddable":true,"href":"https:\/\/sylvainanimations.fr\/index.php\/wp-json\/wp\/v2\/users\/2"}],"replies":[{"embeddable":true,"href":"https:\/\/sylvainanimations.fr\/index.php\/wp-json\/wp\/v2\/comments?post=146"}],"version-history":[{"count":10,"href":"https:\/\/sylvainanimations.fr\/index.php\/wp-json\/wp\/v2\/pages\/146\/revisions"}],"predecessor-version":[{"id":334,"href":"https:\/\/sylvainanimations.fr\/index.php\/wp-json\/wp\/v2\/pages\/146\/revisions\/334"}],"wp:attachment":[{"href":"https:\/\/sylvainanimations.fr\/index.php\/wp-json\/wp\/v2\/media?parent=146"}],"curies":[{"name":"wp","href":"https:\/\/api.w.org\/{rel}","templated":true}]}}